{"id":129,"date":"2015-05-27T13:54:57","date_gmt":"2015-05-27T11:54:57","guid":{"rendered":"http:\/\/www.analogware.com\/fr\/?page_id=129"},"modified":"2015-06-07T18:25:55","modified_gmt":"2015-06-07T16:25:55","slug":"collaboration","status":"publish","type":"page","link":"https:\/\/www.analogware.com\/fr\/collaboration\/","title":{"rendered":"Collaborations"},"content":{"rendered":"<p><img loading=\"lazy\" class=\"alignnone wp-image-140 size-medium\" src=\"http:\/\/www.analogware.com\/fr\/wp-content\/uploads\/sites\/2\/2015\/05\/cosytech-300x63.png\" alt=\"cosytech\" width=\"300\" height=\"63\" srcset=\"https:\/\/www.analogware.com\/fr\/wp-content\/uploads\/sites\/2\/2015\/05\/cosytech-300x63.png 300w, https:\/\/www.analogware.com\/fr\/wp-content\/uploads\/sites\/2\/2015\/05\/cosytech.png 345w\" sizes=\"(max-width: 300px) 100vw, 300px\" \/><\/p>\n<p>Analogware travaille en \u00e9troite collaboration avec son partenaire Cosytech, entreprise sp\u00e9cialis\u00e9e dans le domaine de l&rsquo;automatisme industrielle. Cosytech se charge de la conception des syst\u00e8mes de contr\u00f4le ainsi que de la programmation des automates et accompagne ses clients jusqu&rsquo;\u00e0 la mise en service de leur projets.<\/p>\n<p>site: <a href=\"http:\/\/www.cosytech-dz.com\" target=\"_blank\">www.cosytech-dz.com<\/a><\/p>\n<p>mail: <b>cosytech<b>(at)<\/b>cosytech-dz.com<\/b><\/p>\n","protected":false},"excerpt":{"rendered":"<p>Analogware travaille en \u00e9troite collaboration avec son partenaire Cosytech, entreprise sp\u00e9cialis\u00e9e dans le domaine de l&rsquo;automatisme industrielle. Cosytech se charge de la conception des syst\u00e8mes de contr\u00f4le ainsi que de la programmation des automates et accompagne ses clients jusqu&rsquo;\u00e0 la &hellip; <a href=\"https:\/\/www.analogware.com\/fr\/collaboration\/\">Continuer la lecture <span class=\"meta-nav\">&rarr;<\/span><\/a><\/p>\n","protected":false},"author":1,"featured_media":0,"parent":0,"menu_order":0,"comment_status":"closed","ping_status":"closed","template":"","meta":[],"_links":{"self":[{"href":"https:\/\/www.analogware.com\/fr\/wp-json\/wp\/v2\/pages\/129"}],"collection":[{"href":"https:\/\/www.analogware.com\/fr\/wp-json\/wp\/v2\/pages"}],"about":[{"href":"https:\/\/www.analogware.com\/fr\/wp-json\/wp\/v2\/types\/page"}],"author":[{"embeddable":true,"href":"https:\/\/www.analogware.com\/fr\/wp-json\/wp\/v2\/users\/1"}],"replies":[{"embeddable":true,"href":"https:\/\/www.analogware.com\/fr\/wp-json\/wp\/v2\/comments?post=129"}],"version-history":[{"count":8,"href":"https:\/\/www.analogware.com\/fr\/wp-json\/wp\/v2\/pages\/129\/revisions"}],"predecessor-version":[{"id":167,"href":"https:\/\/www.analogware.com\/fr\/wp-json\/wp\/v2\/pages\/129\/revisions\/167"}],"wp:attachment":[{"href":"https:\/\/www.analogware.com\/fr\/wp-json\/wp\/v2\/media?parent=129"}],"curies":[{"name":"wp","href":"https:\/\/api.w.org\/{rel}","templated":true}]}}