{"id":106,"date":"2015-05-27T13:35:57","date_gmt":"2015-05-27T11:35:57","guid":{"rendered":"http:\/\/www.analogware.com\/fr\/?page_id=106"},"modified":"2015-05-27T21:09:19","modified_gmt":"2015-05-27T19:09:19","slug":"services","status":"publish","type":"page","link":"https:\/\/www.analogware.com\/fr\/services\/","title":{"rendered":"Prestations"},"content":{"rendered":"<p><span style=\"text-decoration: underline;\"><strong>Conception Circuit int\u00e9gr\u00e9s Micro\u00e9lectronique <\/strong><\/span><\/p>\n<p>Analogware propose \u00e0 ses clients son savoir-faire dans le d\u00e9veloppement de circuits int\u00e9gr\u00e9s sur mesure fiable qui r\u00e9pondent \u00e0 leurs besoins. La prestation comprend notamment: La prise en charge de la conception depuis la simulation, l&rsquo;\u00e9tude de la stabilit\u00e9, la v\u00e9rification de la faisabilit\u00e9 et le layout jusqu\u2019aux derni\u00e8res mesures des diff\u00e9rents circuits analogiques. Le portage et design de circuits analogiques d\u2019un process technologique \u00e0 un autre, et le contr\u00f4le qualit\u00e9 et fiabilit\u00e9<\/p>\n<p>Analogware con\u00e7oit des solutions hardware et firmware r\u00e9alis\u00e9es sur la base du cahiers des charges, sp\u00e9cifications fonctionnelles et techniques du clients.<\/p>\n<p><span style=\"text-decoration: underline;\"><strong>Conseil client et support technique tout au long du projet<\/strong><\/span><\/p>\n<p>Le d\u00e9veloppement, le test et la production de composants \u00e9l\u00e9ctroniques n\u00e9cessitent un savoir-faire et une exp\u00e9rience qu&rsquo;Analogware est d\u00e9sireuse de mettre \u00e0 la disposition de ses clients. En tant qu\u2019expert dans le domaine de la micro\u00e9lectronique, Analogware peut intervenir \u00e0 tous les niveaux pour vous apporter son conseil.<\/p>\n<p><span style=\"text-decoration: underline;\"><strong>Agr\u00e9ment CIR<\/strong><\/span><\/p>\n<p>Analogware a obtenu l&rsquo;agr\u00e9ment CIR pour les ann\u00e9es 2013, 2014 et 2015. Ce label permet \u00e0 nos clients de b\u00e9n\u00e9ficier d&rsquo;un cr\u00e9dit d&rsquo;imp\u00f4ts significatif sur la prestation qui leur est factur\u00e9e.<\/p>\n","protected":false},"excerpt":{"rendered":"<p>Conception Circuit int\u00e9gr\u00e9s Micro\u00e9lectronique Analogware propose \u00e0 ses clients son savoir-faire dans le d\u00e9veloppement de circuits int\u00e9gr\u00e9s sur mesure fiable qui r\u00e9pondent \u00e0 leurs besoins. La prestation comprend notamment: La prise en charge de la conception depuis la simulation, l&rsquo;\u00e9tude &hellip; <a href=\"https:\/\/www.analogware.com\/fr\/services\/\">Continuer la lecture <span class=\"meta-nav\">&rarr;<\/span><\/a><\/p>\n","protected":false},"author":1,"featured_media":0,"parent":0,"menu_order":0,"comment_status":"closed","ping_status":"closed","template":"","meta":[],"_links":{"self":[{"href":"https:\/\/www.analogware.com\/fr\/wp-json\/wp\/v2\/pages\/106"}],"collection":[{"href":"https:\/\/www.analogware.com\/fr\/wp-json\/wp\/v2\/pages"}],"about":[{"href":"https:\/\/www.analogware.com\/fr\/wp-json\/wp\/v2\/types\/page"}],"author":[{"embeddable":true,"href":"https:\/\/www.analogware.com\/fr\/wp-json\/wp\/v2\/users\/1"}],"replies":[{"embeddable":true,"href":"https:\/\/www.analogware.com\/fr\/wp-json\/wp\/v2\/comments?post=106"}],"version-history":[{"count":6,"href":"https:\/\/www.analogware.com\/fr\/wp-json\/wp\/v2\/pages\/106\/revisions"}],"predecessor-version":[{"id":157,"href":"https:\/\/www.analogware.com\/fr\/wp-json\/wp\/v2\/pages\/106\/revisions\/157"}],"wp:attachment":[{"href":"https:\/\/www.analogware.com\/fr\/wp-json\/wp\/v2\/media?parent=106"}],"curies":[{"name":"wp","href":"https:\/\/api.w.org\/{rel}","templated":true}]}}