{"id":104,"date":"2015-05-27T13:34:38","date_gmt":"2015-05-27T11:34:38","guid":{"rendered":"http:\/\/www.analogware.com\/fr\/?page_id=104"},"modified":"2015-06-07T18:29:21","modified_gmt":"2015-06-07T16:29:21","slug":"nous","status":"publish","type":"page","link":"https:\/\/www.analogware.com\/fr\/","title":{"rendered":"A Propos"},"content":{"rendered":"<p>Analogware est une soci\u00e9t\u00e9 de prestation sp\u00e9cialis\u00e9e dans la conception de circuits analogiques int\u00e9gr\u00e9s \u00e0 hautes performances qui r\u00e9pondent aux besoins sp\u00e9cifiques des clients.<\/p>\n<p>Analogware apporte \u00e0 ses clients des solutions innovantes leur permettant de faire des gains en terme de productivit\u00e9, de co\u00fbts et de comp\u00e9titivit\u00e9.<\/p>\n<p>&nbsp;<\/p>\n<p><a href=\"http:\/\/www.analogware.com\"><img loading=\"lazy\" class=\"aligncenter wp-image-82 size-full\" src=\"http:\/\/www.analogware.com\/fr\/wp-content\/uploads\/sites\/2\/2015\/05\/logo_analogware7_tran.png\" alt=\"logo_analogware7_tran\" width=\"260\" height=\"65\" \/><\/a><\/p>\n","protected":false},"excerpt":{"rendered":"<p>Analogware est une soci\u00e9t\u00e9 de prestation sp\u00e9cialis\u00e9e dans la conception de circuits analogiques int\u00e9gr\u00e9s \u00e0 hautes performances qui r\u00e9pondent aux besoins sp\u00e9cifiques des clients. Analogware apporte \u00e0 ses clients des solutions innovantes leur permettant de faire des gains en terme &hellip; <a href=\"https:\/\/www.analogware.com\/fr\/\">Continuer la lecture <span class=\"meta-nav\">&rarr;<\/span><\/a><\/p>\n","protected":false},"author":1,"featured_media":0,"parent":0,"menu_order":0,"comment_status":"closed","ping_status":"closed","template":"","meta":[],"_links":{"self":[{"href":"https:\/\/www.analogware.com\/fr\/wp-json\/wp\/v2\/pages\/104"}],"collection":[{"href":"https:\/\/www.analogware.com\/fr\/wp-json\/wp\/v2\/pages"}],"about":[{"href":"https:\/\/www.analogware.com\/fr\/wp-json\/wp\/v2\/types\/page"}],"author":[{"embeddable":true,"href":"https:\/\/www.analogware.com\/fr\/wp-json\/wp\/v2\/users\/1"}],"replies":[{"embeddable":true,"href":"https:\/\/www.analogware.com\/fr\/wp-json\/wp\/v2\/comments?post=104"}],"version-history":[{"count":12,"href":"https:\/\/www.analogware.com\/fr\/wp-json\/wp\/v2\/pages\/104\/revisions"}],"predecessor-version":[{"id":168,"href":"https:\/\/www.analogware.com\/fr\/wp-json\/wp\/v2\/pages\/104\/revisions\/168"}],"wp:attachment":[{"href":"https:\/\/www.analogware.com\/fr\/wp-json\/wp\/v2\/media?parent=104"}],"curies":[{"name":"wp","href":"https:\/\/api.w.org\/{rel}","templated":true}]}}