{"id":5,"date":"2015-05-24T12:42:09","date_gmt":"2015-05-24T11:42:09","guid":{"rendered":"http:\/\/www.analogware.com\/fr\/?page_id=5"},"modified":"2015-06-07T18:24:20","modified_gmt":"2015-06-07T16:24:20","slug":"a-propos","status":"publish","type":"page","link":"http:\/\/www.analogware.com\/fr\/a-propos\/","title":{"rendered":"Conception u-Elect-Analog"},"content":{"rendered":"<p><span style=\"text-decoration: underline;\"><strong>Conception Micro\u00e9lectronique Analogique<\/strong><\/span><\/p>\n<p>Analogware se sp\u00e9cialise dans le d\u00e9veloppement de solutions analogiques hautes performances depuis la conception des circuits int\u00e9gr\u00e9s jusqu\u2019\u00e0 la qualification des produits.<\/p>\n<p><span style=\"text-decoration: underline;\"><strong>Am\u00e9liorer vos chances de r\u00e9ussite<\/strong><\/span><\/p>\n<p>Analogware s\u2019engage \u00e0 vous accompagner durant toutes les phases de vos projets\u00a0: \u00e9tude du besoin et de la faisabilit\u00e9, conception, simulation, stabilit\u00e9, tests, production.<\/p>\n<p>Soucieux de satisfaire ses clients et de r\u00e9pondre \u00e0 leurs besoins sp\u00e9cifiques, Analogware travaille en partenariat \u00e9troit avec eux afin de trouver le meilleur compromis de conception tout au long du projet.<\/p>\n<p>D\u00e9velopper la solution qui vous correspond le mieux et la plus facile \u00e0 mettre en \u0153uvre est l\u2019objectif.<\/p>\n<p><span style=\"text-decoration: underline;\"><strong>Design fiable et tr\u00e8s r\u00e9sistant<br \/>\n<\/strong><\/span><\/p>\n<p>Analogware fait toujours en sorte de s\u00e9lectionner les composants et les technologies en fonction de la dur\u00e9e de vie pr\u00e9vue pour votre produit. R\u00e9aliser des tests tout au long du projet \u00e0 travers des simulations permet d\u2019assurer un produit fiable qui fonctionne dans tout les environnement pour lesquels il a \u00e9t\u00e9 con\u00e7u.<\/p>\n<p><span style=\"text-decoration: underline;\"><strong>Potentiel International<\/strong><\/span><\/p>\n<p>Analogware s\u2019assure que vos produits r\u00e9pondent aux besoins sp\u00e9cifiques du march\u00e9 international. Cr\u00e9er un design qui soit adapt\u00e9 aux certifications et crit\u00e8res internationaux vous permettra de vendre vos produits dans le monde entier.<\/p>\n","protected":false},"excerpt":{"rendered":"<p>Conception Micro\u00e9lectronique Analogique Analogware se sp\u00e9cialise dans le d\u00e9veloppement de solutions analogiques hautes performances depuis la conception des circuits int\u00e9gr\u00e9s jusqu\u2019\u00e0 la qualification des produits. Am\u00e9liorer vos chances de r\u00e9ussite Analogware s\u2019engage \u00e0 vous accompagner durant toutes les phases de &hellip; <a href=\"http:\/\/www.analogware.com\/fr\/a-propos\/\">Continuer la lecture <span class=\"meta-nav\">&rarr;<\/span><\/a><\/p>\n","protected":false},"author":1,"featured_media":0,"parent":0,"menu_order":0,"comment_status":"closed","ping_status":"closed","template":"","meta":[],"_links":{"self":[{"href":"http:\/\/www.analogware.com\/fr\/wp-json\/wp\/v2\/pages\/5"}],"collection":[{"href":"http:\/\/www.analogware.com\/fr\/wp-json\/wp\/v2\/pages"}],"about":[{"href":"http:\/\/www.analogware.com\/fr\/wp-json\/wp\/v2\/types\/page"}],"author":[{"embeddable":true,"href":"http:\/\/www.analogware.com\/fr\/wp-json\/wp\/v2\/users\/1"}],"replies":[{"embeddable":true,"href":"http:\/\/www.analogware.com\/fr\/wp-json\/wp\/v2\/comments?post=5"}],"version-history":[{"count":6,"href":"http:\/\/www.analogware.com\/fr\/wp-json\/wp\/v2\/pages\/5\/revisions"}],"predecessor-version":[{"id":165,"href":"http:\/\/www.analogware.com\/fr\/wp-json\/wp\/v2\/pages\/5\/revisions\/165"}],"wp:attachment":[{"href":"http:\/\/www.analogware.com\/fr\/wp-json\/wp\/v2\/media?parent=5"}],"curies":[{"name":"wp","href":"https:\/\/api.w.org\/{rel}","templated":true}]}}